{"id":643,"date":"2026-01-05T17:31:25","date_gmt":"2026-01-05T17:31:25","guid":{"rendered":"https:\/\/travelthruyou.com\/?page_id=643"},"modified":"2026-02-14T11:39:15","modified_gmt":"2026-02-14T11:39:15","slug":"prendre-rdv","status":"publish","type":"page","link":"https:\/\/travelthruyou.com\/en\/prendre-rdv\/","title":{"rendered":"Book an appointment"},"content":{"rendered":"<div data-elementor-type=\"wp-post\" data-elementor-id=\"643\" class=\"elementor elementor-643\">\n\t\t\t\t<div class=\"elementor-element elementor-element-789f331 e-flex e-con-boxed e-con e-parent\" data-id=\"789f331\" data-element_type=\"container\" data-e-type=\"container\">\n\t\t\t\t\t<div class=\"e-con-inner\">\n\t\t\t\t<div class=\"elementor-element elementor-element-d11cabc elementor-widget elementor-widget-heading\" data-id=\"d11cabc\" data-element_type=\"widget\" data-e-type=\"widget\" data-widget_type=\"heading.default\">\n\t\t\t\t\t<h3 class=\"elementor-heading-title elementor-size-default\">TRAVEL THRU'YOU - PSYCHOTHERAPEUTIC PRACTICE<\/h3>\t\t\t\t<\/div>\n\t\t\t\t\t<\/div>\n\t\t\t\t<\/div>\n\t\t<div class=\"elementor-element elementor-element-b433169 e-flex e-con-boxed e-con e-parent\" data-id=\"b433169\" data-element_type=\"container\" data-e-type=\"container\">\n\t\t\t\t\t<div class=\"e-con-inner\">\n\t\t\t\t<div class=\"elementor-element elementor-element-cd245ad scroll-card elementor-widget elementor-widget-text-editor\" data-id=\"cd245ad\" data-element_type=\"widget\" data-e-type=\"widget\" data-widget_type=\"text-editor.default\">\n\t\t\t\t\t\t\t\t\t<h3><strong>Discovery session<\/strong><\/h3><p class=\"translation-block\">I offer a <strong>free 30-minute call<\/strong> to get to know each other, understand your needs, and see if the framework I offer can support you where you are.<\/p>\t\t\t\t\t\t\t\t<\/div>\n\t\t\t\t\t<\/div>\n\t\t\t\t<\/div>\n\t\t<div class=\"elementor-element elementor-element-b45d246 e-flex e-con-boxed e-con e-parent\" data-id=\"b45d246\" data-element_type=\"container\" data-e-type=\"container\">\n\t\t\t\t\t<div class=\"e-con-inner\">\n\t\t\t\t<div class=\"elementor-element elementor-element-db1167f elementor-widget elementor-widget-html\" data-id=\"db1167f\" data-element_type=\"widget\" data-e-type=\"widget\" data-widget_type=\"html.default\">\n\t\t\t\t\t<!-- D\u00e9but de widget en ligne Calendly -->\r\n<div class=\"calendly-inline-widget\" data-url=\"https:\/\/calendly.com\/travelthruyou-1prn\/30min?hide_event_type_details=1&hide_gdpr_banner=1\" style=\"min-width:320px;height:700px;\"><\/div>\r\n<script type=\"text\/javascript\" src=\"https:\/\/assets.calendly.com\/assets\/external\/widget.js\" async><\/script>\r\n<!-- Fin de widget en ligne Calendly -->\t\t\t\t<\/div>\n\t\t\t\t\t<\/div>\n\t\t\t\t<\/div>\n\t\t\t\t<\/div>","protected":false},"excerpt":{"rendered":"<p>TRAVEL THRU&rsquo;YOU &#8211; ACCOMPAGNEMENT PSYCHOTH\u00c9RAPEUTIQUE S\u00e9ance d\u00e9couverte Je propose un\u00a0appel gratuit de 30 minutes, pour faire connaissance, cerner ta demande [&hellip;]<\/p>\n","protected":false},"author":1,"featured_media":0,"parent":0,"menu_order":0,"comment_status":"closed","ping_status":"closed","template":"","meta":{"site-sidebar-layout":"default","site-content-layout":"","ast-site-content-layout":"default","site-content-style":"default","site-sidebar-style":"default","ast-global-header-display":"","ast-banner-title-visibility":"","ast-main-header-display":"","ast-hfb-above-header-display":"","ast-hfb-below-header-display":"","ast-hfb-mobile-header-display":"","site-post-title":"","ast-breadcrumbs-content":"","ast-featured-img":"","footer-sml-layout":"","ast-disable-related-posts":"","theme-transparent-header-meta":"","adv-header-id-meta":"","stick-header-meta":"","header-above-stick-meta":"","header-main-stick-meta":"","header-below-stick-meta":"","astra-migrate-meta-layouts":"default","ast-page-background-enabled":"default","ast-page-background-meta":{"desktop":{"background-color":"var(--ast-global-color-5)","background-image":"","background-repeat":"repeat","background-position":"center center","background-size":"auto","background-attachment":"scroll","background-type":"","background-media":"","overlay-type":"","overlay-color":"","overlay-opacity":"","overlay-gradient":""},"tablet":{"background-color":"","background-image":"","background-repeat":"repeat","background-position":"center center","background-size":"auto","background-attachment":"scroll","background-type":"","background-media":"","overlay-type":"","overlay-color":"","overlay-opacity":"","overlay-gradient":""},"mobile":{"background-color":"","background-image":"","background-repeat":"repeat","background-position":"center center","background-size":"auto","background-attachment":"scroll","background-type":"","background-media":"","overlay-type":"","overlay-color":"","overlay-opacity":"","overlay-gradient":""}},"ast-content-background-meta":{"desktop":{"background-color":"var(--ast-global-color-4)","background-image":"","background-repeat":"repeat","background-position":"center center","background-size":"auto","background-attachment":"scroll","background-type":"","background-media":"","overlay-type":"","overlay-color":"","overlay-opacity":"","overlay-gradient":""},"tablet":{"background-color":"var(--ast-global-color-4)","background-image":"","background-repeat":"repeat","background-position":"center center","background-size":"auto","background-attachment":"scroll","background-type":"","background-media":"","overlay-type":"","overlay-color":"","overlay-opacity":"","overlay-gradient":""},"mobile":{"background-color":"var(--ast-global-color-4)","background-image":"","background-repeat":"repeat","background-position":"center center","background-size":"auto","background-attachment":"scroll","background-type":"","background-media":"","overlay-type":"","overlay-color":"","overlay-opacity":"","overlay-gradient":""}},"footnotes":""},"class_list":["post-643","page","type-page","status-publish","hentry"],"aioseo_notices":[],"_links":{"self":[{"href":"https:\/\/travelthruyou.com\/en\/wp-json\/wp\/v2\/pages\/643","targetHints":{"allow":["GET"]}}],"collection":[{"href":"https:\/\/travelthruyou.com\/en\/wp-json\/wp\/v2\/pages"}],"about":[{"href":"https:\/\/travelthruyou.com\/en\/wp-json\/wp\/v2\/types\/page"}],"author":[{"embeddable":true,"href":"https:\/\/travelthruyou.com\/en\/wp-json\/wp\/v2\/users\/1"}],"replies":[{"embeddable":true,"href":"https:\/\/travelthruyou.com\/en\/wp-json\/wp\/v2\/comments?post=643"}],"version-history":[{"count":0,"href":"https:\/\/travelthruyou.com\/en\/wp-json\/wp\/v2\/pages\/643\/revisions"}],"wp:attachment":[{"href":"https:\/\/travelthruyou.com\/en\/wp-json\/wp\/v2\/media?parent=643"}],"curies":[{"name":"wp","href":"https:\/\/api.w.org\/{rel}","templated":true}]}}