{"id":265,"date":"2025-07-20T09:28:29","date_gmt":"2025-07-20T07:28:29","guid":{"rendered":"https:\/\/travelthruyou.com\/mentions-legales\/"},"modified":"2026-04-06T12:29:50","modified_gmt":"2026-04-06T12:29:50","slug":"mentions-legales","status":"publish","type":"page","link":"https:\/\/travelthruyou.com\/en\/mentions-legales\/","title":{"rendered":"Legal Notices"},"content":{"rendered":"<div data-elementor-type=\"wp-page\" data-elementor-id=\"265\" class=\"elementor elementor-265\">\n\t\t\t\t<div class=\"elementor-element elementor-element-26024497 e-flex e-con-boxed e-con e-parent\" data-id=\"26024497\" data-element_type=\"container\" data-e-type=\"container\">\n\t\t\t\t\t<div class=\"e-con-inner\">\n\t\t\t\t<div class=\"elementor-element elementor-element-84220e1 elementor-widget elementor-widget-text-editor\" data-id=\"84220e1\" data-element_type=\"widget\" data-e-type=\"widget\" data-widget_type=\"text-editor.default\">\n\t\t\t\t\t\t\t\t\t\n<h3 class=\"wp-block-heading\">\u00c9diteur du site<\/h3>\n\n<p>Nom: Roxane Cavaill\u00e8s<br \/>Statut juridique : Auto-entrepreneur<br \/>Responsable de la publication : Roxane Cavaill\u00e8s<br \/>Adresse : 1600 route des milles 1390 Aix-en-Provence<br \/>Email : travelthruyou@gmail.com<br \/>T\u00e9l\u00e9phone : 06.71.93.82.64<br \/>Num\u00e9ro SIRET : 88291550700017<br \/>TVA non applicable, article 293 B du CGI<\/p>\n<table>\n<tbody>\n<tr>\n<th>Activit\u00e9 principale d\u00e9clar\u00e9e :<\/th>\n<td>Praticien en psychoth\u00e9rapie et th\u00e9rapeute psycho-corporelle<\/td>\n<\/tr>\n<tr>\n<th>Autres activit\u00e9s :<\/th>\n<td>Activit\u00e9 commerciale<\/td>\n<\/tr>\n<tr>\n<th>Code NAF ou APE :<\/th>\n<td>86.90F\u00a0\u00a0(Activit\u00e9s de sant\u00e9 humaine non class\u00e9es ailleurs)<\/td>\n<\/tr>\n<tr>\n<th>Domaine d\u2019activit\u00e9 :<\/th>\n<td>Activit\u00e9s pour la sant\u00e9 humaine<\/td>\n<\/tr>\n<tr>\n<th>Formes d&rsquo;exercice :<\/th>\n<td>Lib\u00e9rale non r\u00e9glement\u00e9e, Commerciale<\/td>\n<\/tr>\n<\/tbody>\n<\/table>\n\n<h3 class=\"wp-block-heading\" data-section-id=\"1j6yv64\" data-start=\"612\" data-end=\"630\">Nom du site<\/h3>\n<p data-start=\"631\" data-end=\"731\">Site : travelthruyou.com \u00a0Roxane Cavaill\u00e8s &#8211; Psychoth\u00e9rapie int\u00e9grative &amp; approche psychocorporelle<\/p>\n<h3 class=\"wp-block-heading\">H\u00e9bergeur du site<\/h3>\n\n<p>Hostinger International Ltd.<br \/>Site: <a href=\"https:\/\/www.hostinger.fr\">https:\/\/www.hostinger.fr<\/a><\/p>\n<hr class=\"wp-block-separator has-alpha-channel-opacity\" \/>\n<h3 class=\"wp-block-heading\">Propri\u00e9t\u00e9 intellectuelle<\/h3>\n\n<p>Le contenu de ce site (textes, images, logo, vid\u00e9os, \u00e9l\u00e9ments graphiques&#8230;) est prot\u00e9g\u00e9 par le droit d\u2019auteur.<br \/>Sauf mention contraire, il est la propri\u00e9t\u00e9 exclusive de Roxane Cavaill\u00e8s.<br \/>Toute reproduction, repr\u00e9sentation, diffusion ou utilisation, m\u00eame partielle, sans autorisation \u00e9crite pr\u00e9alable est interdite.<\/p>\n<p><\/p>\n<hr class=\"wp-block-separator has-alpha-channel-opacity\" \/>\n<p><\/p>\n<h3 class=\"wp-block-heading\">Responsabilit\u00e9<\/h3>\n<p><\/p>\n\n<p data-start=\"1097\" data-end=\"1269\">Les informations propos\u00e9es sur ce site sont fournies \u00e0 titre informatif et ne se substituent pas \u00e0 un avis m\u00e9dical, un diagnostic ou un suivi par un professionnel de sant\u00e9.<\/p>\n<hr class=\"wp-block-separator has-alpha-channel-opacity\" \/>\n<h3 class=\"wp-block-heading\">Donn\u00e9es personnelles<\/h3>\n\n<p data-start=\"338\" data-end=\"594\">Les informations recueillies via le formulaire de contact ou la prise de rendez-vous (notamment via <span class=\"hover:entity-accent entity-underline inline cursor-pointer align-baseline\"><span class=\"whitespace-normal\">Calendly<\/span><\/span>) sont destin\u00e9es uniquement \u00e0 Roxane Cavaill\u00e8s afin de r\u00e9pondre aux demandes et organiser les accompagnements propos\u00e9s.<\/p>\n<p data-start=\"596\" data-end=\"682\">Ces donn\u00e9es ne sont en aucun cas c\u00e9d\u00e9es, vendues ou utilis\u00e9es \u00e0 des fins commerciales.<\/p>\n<p data-start=\"684\" data-end=\"798\">Elles sont conserv\u00e9es uniquement le temps n\u00e9cessaire au traitement des demandes et \u00e0 la relation d\u2019accompagnement.<\/p>\n<p data-start=\"800\" data-end=\"977\">Conform\u00e9ment \u00e0 la r\u00e9glementation en vigueur, vous pouvez demander l\u2019acc\u00e8s, la rectification ou la suppression de vos donn\u00e9es en me contactant \u00e0 l\u2019adresse suivante : travelthruyou@gmail.com<\/p>\n<hr class=\"wp-block-separator has-alpha-channel-opacity\" \/>\n<h3 class=\"wp-block-heading\">Stockage et S\u00e9curit\u00e9 des Donn\u00e9es<\/h3>\n\n<p data-start=\"630\" data-end=\"706\">Les donn\u00e9es sont trait\u00e9es avec attention et conserv\u00e9es de mani\u00e8re s\u00e9curis\u00e9e.<\/p>\n<p data-start=\"708\" data-end=\"927\">Elles sont h\u00e9berg\u00e9es via les services utilis\u00e9s pour le fonctionnement du site et la prise de rendez-vous (notamment <span class=\"hover:entity-accent entity-underline inline cursor-pointer align-baseline\"><span class=\"whitespace-normal\">Calendly<\/span><\/span>), dans le respect de leurs propres politiques de confidentialit\u00e9.<\/p>\n<p data-start=\"929\" data-end=\"1055\">Les informations transmises via le formulaire de contact sont conserv\u00e9es pendant une dur\u00e9e maximale de 3 ans, puis supprim\u00e9es.<\/p>\n<hr class=\"wp-block-separator has-alpha-channel-opacity\" \/>\n<h3 class=\"wp-block-heading\">Cookies<\/h3>\n\n<p data-start=\"1971\" data-end=\"2122\">Le site peut utiliser des cookies afin d\u2019am\u00e9liorer l\u2019exp\u00e9rience utilisateur et mesurer l\u2019audience, notamment via <span class=\"hover:entity-accent entity-underline inline cursor-pointer align-baseline\"><span class=\"whitespace-normal\">Google Analytics<\/span><\/span>.<\/p>\n<p data-start=\"2124\" data-end=\"2254\">Ces cookies permettent d\u2019obtenir des informations anonymes sur la fr\u00e9quentation du site (pages consult\u00e9es, dur\u00e9e de visite, etc.).<\/p>\n<p data-start=\"2256\" data-end=\"2364\">Vous pouvez \u00e0 tout moment refuser ou g\u00e9rer l\u2019utilisation des cookies via les param\u00e8tres de votre navigateur.<\/p>\n\n<p>\u00a0<\/p>\n\t\t\t\t\t\t\t\t<\/div>\n\t\t\t\t\t<\/div>\n\t\t\t\t<\/div>\n\t\t\t\t<\/div>","protected":false},"excerpt":{"rendered":"<p>\u00c9diteur du site Nom: Roxane Cavaill\u00e8sStatut juridique : Auto-entrepreneurResponsable de la publication : Roxane Cavaill\u00e8sAdresse : 1600 route des milles [&hellip;]<\/p>\n","protected":false},"author":1,"featured_media":0,"parent":0,"menu_order":0,"comment_status":"closed","ping_status":"closed","template":"","meta":{"site-sidebar-layout":"default","site-content-layout":"","ast-site-content-layout":"default","site-content-style":"default","site-sidebar-style":"default","ast-global-header-display":"","ast-banner-title-visibility":"","ast-main-header-display":"","ast-hfb-above-header-display":"","ast-hfb-below-header-display":"","ast-hfb-mobile-header-display":"","site-post-title":"","ast-breadcrumbs-content":"","ast-featured-img":"","footer-sml-layout":"","ast-disable-related-posts":"","theme-transparent-header-meta":"","adv-header-id-meta":"","stick-header-meta":"","header-above-stick-meta":"","header-main-stick-meta":"","header-below-stick-meta":"","astra-migrate-meta-layouts":"default","ast-page-background-enabled":"default","ast-page-background-meta":{"desktop":{"background-color":"var(--ast-global-color-5)","background-image":"","background-repeat":"repeat","background-position":"center center","background-size":"auto","background-attachment":"scroll","background-type":"","background-media":"","overlay-type":"","overlay-color":"","overlay-opacity":"","overlay-gradient":""},"tablet":{"background-color":"","background-image":"","background-repeat":"repeat","background-position":"center center","background-size":"auto","background-attachment":"scroll","background-type":"","background-media":"","overlay-type":"","overlay-color":"","overlay-opacity":"","overlay-gradient":""},"mobile":{"background-color":"","background-image":"","background-repeat":"repeat","background-position":"center center","background-size":"auto","background-attachment":"scroll","background-type":"","background-media":"","overlay-type":"","overlay-color":"","overlay-opacity":"","overlay-gradient":""}},"ast-content-background-meta":{"desktop":{"background-color":"var(--ast-global-color-4)","background-image":"","background-repeat":"repeat","background-position":"center center","background-size":"auto","background-attachment":"scroll","background-type":"","background-media":"","overlay-type":"","overlay-color":"","overlay-opacity":"","overlay-gradient":""},"tablet":{"background-color":"var(--ast-global-color-4)","background-image":"","background-repeat":"repeat","background-position":"center center","background-size":"auto","background-attachment":"scroll","background-type":"","background-media":"","overlay-type":"","overlay-color":"","overlay-opacity":"","overlay-gradient":""},"mobile":{"background-color":"var(--ast-global-color-4)","background-image":"","background-repeat":"repeat","background-position":"center center","background-size":"auto","background-attachment":"scroll","background-type":"","background-media":"","overlay-type":"","overlay-color":"","overlay-opacity":"","overlay-gradient":""}},"footnotes":""},"class_list":["post-265","page","type-page","status-publish","hentry"],"aioseo_notices":[],"_links":{"self":[{"href":"https:\/\/travelthruyou.com\/en\/wp-json\/wp\/v2\/pages\/265","targetHints":{"allow":["GET"]}}],"collection":[{"href":"https:\/\/travelthruyou.com\/en\/wp-json\/wp\/v2\/pages"}],"about":[{"href":"https:\/\/travelthruyou.com\/en\/wp-json\/wp\/v2\/types\/page"}],"author":[{"embeddable":true,"href":"https:\/\/travelthruyou.com\/en\/wp-json\/wp\/v2\/users\/1"}],"replies":[{"embeddable":true,"href":"https:\/\/travelthruyou.com\/en\/wp-json\/wp\/v2\/comments?post=265"}],"version-history":[{"count":3,"href":"https:\/\/travelthruyou.com\/en\/wp-json\/wp\/v2\/pages\/265\/revisions"}],"predecessor-version":[{"id":1378,"href":"https:\/\/travelthruyou.com\/en\/wp-json\/wp\/v2\/pages\/265\/revisions\/1378"}],"wp:attachment":[{"href":"https:\/\/travelthruyou.com\/en\/wp-json\/wp\/v2\/media?parent=265"}],"curies":[{"name":"wp","href":"https:\/\/api.w.org\/{rel}","templated":true}]}}