{"id":1320,"date":"2026-04-04T11:56:57","date_gmt":"2026-04-04T11:56:57","guid":{"rendered":"https:\/\/travelthruyou.com\/?page_id=1320"},"modified":"2026-04-04T12:30:18","modified_gmt":"2026-04-04T12:30:18","slug":"a-propos","status":"publish","type":"page","link":"https:\/\/travelthruyou.com\/en\/a-propos\/","title":{"rendered":"About me"},"content":{"rendered":"<div data-elementor-type=\"wp-post\" data-elementor-id=\"1320\" class=\"elementor elementor-1320\">\n\t\t\t\t<div class=\"elementor-element elementor-element-686036b e-flex e-con-boxed e-con e-parent\" data-id=\"686036b\" data-element_type=\"container\" data-e-type=\"container\" data-settings=\"{&quot;background_background&quot;:&quot;classic&quot;}\">\n\t\t\t\t\t<div class=\"e-con-inner\">\n\t\t\t\t<div class=\"elementor-element elementor-element-ba87943 elementor-widget elementor-widget-heading\" data-id=\"ba87943\" data-element_type=\"widget\" data-e-type=\"widget\" data-widget_type=\"heading.default\">\n\t\t\t\t\t<h2 class=\"elementor-heading-title elementor-size-default\">Roxane Cavaill\u00e8s,\nPsychopraticienne en th\u00e9rapie int\u00e9grative<\/h2>\t\t\t\t<\/div>\n\t\t\t\t\t<\/div>\n\t\t\t\t<\/div>\n\t\t<div class=\"elementor-element elementor-element-21cf101 e-flex e-con-boxed e-con e-parent\" data-id=\"21cf101\" data-element_type=\"container\" data-e-type=\"container\" data-settings=\"{&quot;background_background&quot;:&quot;classic&quot;}\">\n\t\t\t\t\t<div class=\"e-con-inner\">\n\t\t<div class=\"elementor-element elementor-element-3a99fc2 e-con-full e-flex e-con e-child\" data-id=\"3a99fc2\" data-element_type=\"container\" data-e-type=\"container\">\n\t\t\t\t<div class=\"elementor-element elementor-element-72c93df elementor-widget elementor-widget-image\" data-id=\"72c93df\" data-element_type=\"widget\" data-e-type=\"widget\" data-widget_type=\"image.default\">\n\t\t\t\t\t\t\t\t\t\t\t\t\t\t\t<img fetchpriority=\"high\" decoding=\"async\" width=\"2362\" height=\"2362\" src=\"https:\/\/travelthruyou.com\/wp-content\/uploads\/2026\/02\/roxane-profil.webp\" class=\"attachment-full size-full wp-image-999\" alt=\"\" srcset=\"https:\/\/travelthruyou.com\/wp-content\/uploads\/2026\/02\/roxane-profil.webp 2362w, https:\/\/travelthruyou.com\/wp-content\/uploads\/2026\/02\/roxane-profil-300x300.webp 300w, https:\/\/travelthruyou.com\/wp-content\/uploads\/2026\/02\/roxane-profil-1024x1024.webp 1024w, https:\/\/travelthruyou.com\/wp-content\/uploads\/2026\/02\/roxane-profil-150x150.webp 150w, https:\/\/travelthruyou.com\/wp-content\/uploads\/2026\/02\/roxane-profil-768x768.webp 768w, https:\/\/travelthruyou.com\/wp-content\/uploads\/2026\/02\/roxane-profil-1536x1536.webp 1536w, https:\/\/travelthruyou.com\/wp-content\/uploads\/2026\/02\/roxane-profil-2048x2048.webp 2048w, https:\/\/travelthruyou.com\/wp-content\/uploads\/2026\/02\/roxane-profil-12x12.webp 12w\" sizes=\"(max-width: 2362px) 100vw, 2362px\" \/>\t\t\t\t\t\t\t\t\t\t\t\t\t\t\t<\/div>\n\t\t\t\t<\/div>\n\t\t<div class=\"elementor-element elementor-element-dbf3ff8 e-con-full e-flex e-con e-child\" data-id=\"dbf3ff8\" data-element_type=\"container\" data-e-type=\"container\" data-settings=\"{&quot;background_background&quot;:&quot;classic&quot;}\">\n\t\t\t\t<div class=\"elementor-element elementor-element-40df7b5 elementor-widget elementor-widget-text-editor\" data-id=\"40df7b5\" data-element_type=\"widget\" data-e-type=\"widget\" data-widget_type=\"text-editor.default\">\n\t\t\t\t\t\t\t\t\t<h4><strong>Avant d\u2019accompagner les autres, <br \/>j\u2019ai d\u00fb revenir \u00e0 moi.<\/strong><\/h4><p>I've come a long way. From complex histories, uprooting, invisible loyalties, and relationships that had damaged me more than they had sustained me. I had developed an extreme capacity for adaptation, to the point of dissolving. My tipping point was a \"\u00a0<strong>burn-out<\/strong>\u00a0\":An inner collapse.<\/p><p>I found myself facing a profound sadness, a loss of meaning, a moment when my body and mind buckled and asked me to stop merely surviving: a symbolic death. A radical invitation to sit at the center of my own story and reborn in a new way.<\/p>\t\t\t\t\t\t\t\t<\/div>\n\t\t\t\t<\/div>\n\t\t\t\t\t<\/div>\n\t\t\t\t<\/div>\n\t\t<div class=\"elementor-element elementor-element-f47d356 e-flex e-con-boxed e-con e-parent\" data-id=\"f47d356\" data-element_type=\"container\" data-e-type=\"container\" data-settings=\"{&quot;background_background&quot;:&quot;classic&quot;}\">\n\t\t\t\t\t<div class=\"e-con-inner\">\n\t\t<div class=\"elementor-element elementor-element-8bba070 e-con-full e-flex e-con e-child\" data-id=\"8bba070\" data-element_type=\"container\" data-e-type=\"container\" data-settings=\"{&quot;background_background&quot;:&quot;classic&quot;}\">\n\t\t\t\t<div class=\"elementor-element elementor-element-198ffc1 elementor-widget__width-initial elementor-widget elementor-widget-text-editor\" data-id=\"198ffc1\" data-element_type=\"widget\" data-e-type=\"widget\" data-widget_type=\"text-editor.default\">\n\t\t\t\t\t\t\t\t\t<h2><strong>I quit the \"survival mode\" in order\u00a0<\/strong><strong>\u00a0to meet myself<\/strong><\/h2><p>In seeking to rebuild myself, I discovered a deep need: to understand how I function, to free myself from my blockages, and to find my place. It was through psychotherapy that I found my answers.<\/p><p>Therapy allowed me to reread my journey in a new light. Step by step, I understood that my atypicality was not an anomaly but a strength. That my sensitivity, my ability to feel, to observe keenly, to adapt, were skills. And that everything I had been through had endowed me with a rare capacity: a profound understanding of human complexity, of its vulnerabilities as well as its resources. I regained confidence, I reclaimed my sovereignty, and I transformed my experiences into fertile ground for supporting others.<\/p>\t\t\t\t\t\t\t\t<\/div>\n\t\t<div class=\"elementor-element elementor-element-2b4500e e-con-full e-flex e-con e-child\" data-id=\"2b4500e\" data-element_type=\"container\" data-e-type=\"container\">\n\t\t\t\t<div class=\"elementor-element elementor-element-3470a49 elementor-widget elementor-widget-image-carousel\" data-id=\"3470a49\" data-element_type=\"widget\" data-e-type=\"widget\" data-settings=\"{&quot;slides_to_show&quot;:&quot;1&quot;,&quot;navigation&quot;:&quot;none&quot;,&quot;autoplay&quot;:&quot;yes&quot;,&quot;pause_on_hover&quot;:&quot;yes&quot;,&quot;pause_on_interaction&quot;:&quot;yes&quot;,&quot;autoplay_speed&quot;:5000,&quot;infinite&quot;:&quot;yes&quot;,&quot;effect&quot;:&quot;slide&quot;,&quot;speed&quot;:500}\" data-widget_type=\"image-carousel.default\">\n\t\t\t\t\t\t\t<div class=\"elementor-image-carousel-wrapper swiper\" role=\"region\" aria-roledescription=\"carousel\" aria-label=\"Carrousel d\u2019images\" dir=\"ltr\">\n\t\t\t<div class=\"elementor-image-carousel swiper-wrapper\" aria-live=\"off\">\n\t\t\t\t\t\t\t\t<div class=\"swiper-slide\" role=\"group\" aria-roledescription=\"slide\" aria-label=\"1 sur 4\"><figure class=\"swiper-slide-inner\"><img decoding=\"async\" class=\"swiper-slide-image\" src=\"https:\/\/travelthruyou.com\/wp-content\/uploads\/2026\/02\/bain-glace.webp\" alt=\"Coach sportif\" \/><figcaption class=\"elementor-image-carousel-caption\">Coach sportif<\/figcaption><\/figure><\/div><div class=\"swiper-slide\" role=\"group\" aria-roledescription=\"slide\" aria-label=\"2 sur 4\"><figure class=\"swiper-slide-inner\"><img decoding=\"async\" class=\"swiper-slide-image\" src=\"https:\/\/travelthruyou.com\/wp-content\/uploads\/2026\/02\/Roxane-Cavailles-Pro.webp\" alt=\"Directrice en Restauration\" \/><figcaption class=\"elementor-image-carousel-caption\">Directrice en Restauration<\/figcaption><\/figure><\/div><div class=\"swiper-slide\" role=\"group\" aria-roledescription=\"slide\" aria-label=\"3 sur 4\"><figure class=\"swiper-slide-inner\"><img decoding=\"async\" class=\"swiper-slide-image\" src=\"https:\/\/travelthruyou.com\/wp-content\/uploads\/2026\/02\/Rox-voyage-desert.webp\" alt=\"Voyageuse\" \/><figcaption class=\"elementor-image-carousel-caption\">Voyageuse<\/figcaption><\/figure><\/div><div class=\"swiper-slide\" role=\"group\" aria-roledescription=\"slide\" aria-label=\"4 sur 4\"><figure class=\"swiper-slide-inner\"><img decoding=\"async\" class=\"swiper-slide-image\" src=\"https:\/\/travelthruyou.com\/wp-content\/uploads\/2026\/02\/massage.webp\" alt=\"Praticienne Massage\" \/><figcaption class=\"elementor-image-carousel-caption\">Praticienne Massage<\/figcaption><\/figure><\/div>\t\t\t<\/div>\n\t\t\t\t\t\t\t\n\t\t\t\t\t\t\t\t\t<\/div>\n\t\t\t\t\t\t<\/div>\n\t\t\t\t<\/div>\n\t\t\t\t<\/div>\n\t\t<div class=\"elementor-element elementor-element-94170ff e-con-full e-flex e-con e-child\" data-id=\"94170ff\" data-element_type=\"container\" data-e-type=\"container\" data-settings=\"{&quot;background_background&quot;:&quot;classic&quot;}\">\n\t\t\t\t<div class=\"elementor-element elementor-element-0575080 elementor-widget__width-initial elementor-widget elementor-widget-text-editor\" data-id=\"0575080\" data-element_type=\"widget\" data-e-type=\"widget\" data-widget_type=\"text-editor.default\">\n\t\t\t\t\t\t\t\t\t<h3><strong>A vibrant, integrative, and embodied approach.<\/strong><\/h3><p>I chose to become a professional to support people going through difficult times, and to offer them the necessary conditions to connect deeply with themselves and find their way again.\u00a0<\/p><p>I trained at\u00a0<strong>Ita'Com on integrative psychotherapy<\/strong>, a comprehensive program (NLP, NVC, EFT, Systemic Approach, Schema Therapy, Transactional Analysis, Brainspotting, Enneagram\u2026) that places the therapeutic alliance at the heart of the process.<\/p><p>Puis, j&rsquo;ai approfondis ma pratique avec la \u00ab <strong>Embodied Therapy<\/strong>\u00a0\", a body-oriented approach where the relationship is fundamental, and the body and its sensations are the tools of the trade. This specialization proves particularly effective for complex trauma.<\/p><p>My personal history, my professional experiences (in the restaurant industry, management, personal training, and massage), my travels, my challenges, and my passions... all of this now forms the basis of my therapeutic approach.<\/p>\t\t\t\t\t\t\t\t<\/div>\n\t\t\t\t<div class=\"elementor-element elementor-element-cc9090f elementor-widget elementor-widget-text-editor\" data-id=\"cc9090f\" data-element_type=\"widget\" data-e-type=\"widget\" data-widget_type=\"text-editor.default\">\n\t\t\t\t\t\t\t\t\t<h3 class=\"wp-block-heading\"><strong>My Approach<\/strong><\/h3><p>In sessions, I am myself:\u00a0<strong>authentic, direct<\/strong>,<strong>\u00a0gentle, and grounded<\/strong>.<\/p><p>I am not here to save, cure, or direct. My role is to guide you back to yourself, to better understand yourself, to identify what is blocking you, to release what is hindering you, and to restore movement where something has become stuck.<\/p><p>I don't offer ready-made solutions. I listen, I feel, I ask questions, and I greet.<\/p><p>I create a safe space where you can \"Travel thru'you\".<\/p>\t\t\t\t\t\t\t\t<\/div>\n\t\t\t\t<\/div>\n\t\t\t\t\t<\/div>\n\t\t\t\t<\/div>\n\t\t<div class=\"elementor-element elementor-element-6bbe02a e-flex e-con-boxed e-con e-parent\" data-id=\"6bbe02a\" data-element_type=\"container\" data-e-type=\"container\" data-settings=\"{&quot;background_background&quot;:&quot;classic&quot;}\">\n\t\t\t\t\t<div class=\"e-con-inner\">\n\t\t<div class=\"elementor-element elementor-element-3eefc2f e-con-full e-flex e-con e-child\" data-id=\"3eefc2f\" data-element_type=\"container\" data-e-type=\"container\" data-settings=\"{&quot;background_background&quot;:&quot;classic&quot;}\">\n\t\t\t\t<div class=\"elementor-element elementor-element-0546f04 elementor-widget elementor-widget-text-editor\" data-id=\"0546f04\" data-element_type=\"widget\" data-e-type=\"widget\" data-widget_type=\"text-editor.default\">\n\t\t\t\t\t\t\t\t\t<h4><strong>My mission: To accompany<\/strong>\u00a0<strong>those seeking to explore their inner world.<\/strong><\/h4><p>I speak to all those who are ready to shift their perspective on themselves:<br \/>the atypical, the sensitive, the lost, the curious, those tired of being what others expect of them\u2026<br \/>Regardless of age, gender, or background: if you feel it's time to reconnect with yourself, we can walk part of the way together. My role is not to transform you.<br \/>My role is to help you find yourself again. To reclaim your truth.<br \/>To take back control of your life.<strong>\u00a0<\/strong><\/p>\t\t\t\t\t\t\t\t<\/div>\n\t\t\t\t<\/div>\n\t\t\t\t\t<\/div>\n\t\t\t\t<\/div>\n\t\t<div class=\"elementor-element elementor-element-4f27fd2 e-flex e-con-boxed e-con e-parent\" data-id=\"4f27fd2\" data-element_type=\"container\" data-e-type=\"container\" data-settings=\"{&quot;background_background&quot;:&quot;classic&quot;}\">\n\t\t\t\t\t<div class=\"e-con-inner\">\n\t\t<div class=\"elementor-element elementor-element-780e0ad e-con-full e-flex e-con e-child\" data-id=\"780e0ad\" data-element_type=\"container\" data-e-type=\"container\">\n\t\t\t\t<div class=\"elementor-element elementor-element-621cfc9 elementor-widget elementor-widget-image\" data-id=\"621cfc9\" data-element_type=\"widget\" data-e-type=\"widget\" data-widget_type=\"image.default\">\n\t\t\t\t\t\t\t\t\t\t\t\t\t\t\t<img decoding=\"async\" width=\"1024\" height=\"1024\" src=\"https:\/\/travelthruyou.com\/wp-content\/uploads\/2026\/04\/UPP-Union-des-praticiens-en-psychotherapie-1024x1024.webp\" class=\"attachment-large size-large wp-image-1243\" alt=\"\" srcset=\"https:\/\/travelthruyou.com\/wp-content\/uploads\/2026\/04\/UPP-Union-des-praticiens-en-psychotherapie-1024x1024.webp 1024w, https:\/\/travelthruyou.com\/wp-content\/uploads\/2026\/04\/UPP-Union-des-praticiens-en-psychotherapie-300x300.webp 300w, https:\/\/travelthruyou.com\/wp-content\/uploads\/2026\/04\/UPP-Union-des-praticiens-en-psychotherapie-150x150.webp 150w, https:\/\/travelthruyou.com\/wp-content\/uploads\/2026\/04\/UPP-Union-des-praticiens-en-psychotherapie-768x768.webp 768w, https:\/\/travelthruyou.com\/wp-content\/uploads\/2026\/04\/UPP-Union-des-praticiens-en-psychotherapie-1536x1536.webp 1536w, https:\/\/travelthruyou.com\/wp-content\/uploads\/2026\/04\/UPP-Union-des-praticiens-en-psychotherapie-12x12.webp 12w, https:\/\/travelthruyou.com\/wp-content\/uploads\/2026\/04\/UPP-Union-des-praticiens-en-psychotherapie.webp 2000w\" sizes=\"(max-width: 1024px) 100vw, 1024px\" \/>\t\t\t\t\t\t\t\t\t\t\t\t\t\t\t<\/div>\n\t\t\t\t<\/div>\n\t\t<div class=\"elementor-element elementor-element-ca0a32b e-con-full e-flex e-con e-child\" data-id=\"ca0a32b\" data-element_type=\"container\" data-e-type=\"container\" data-settings=\"{&quot;background_background&quot;:&quot;classic&quot;}\">\n\t\t\t\t<div class=\"elementor-element elementor-element-e75c03e elementor-widget elementor-widget-text-editor\" data-id=\"e75c03e\" data-element_type=\"widget\" data-e-type=\"widget\" data-widget_type=\"text-editor.default\">\n\t\t\t\t\t\t\t\t\t<h2 data-start=\"6829\" data-end=\"6845\">Ethical practice<\/h2><p data-start=\"6847\" data-end=\"6905\">I advocate for a committed, responsible and demanding practice.<\/p><p data-start=\"6907\" data-end=\"7028\">I am vice-president of the UPP \u2013 Union of Practitioners in Psychotherapy, and head of the ethics and deontology department.<\/p><p data-start=\"4435\" data-end=\"4486\">This commitment reflects the importance I place on:<\/p><ul data-start=\"4488\" data-end=\"4586\"><li data-start=\"4488\" data-end=\"4525\" data-section-id=\"zlpf13\">to the therapist's responsibility<\/li><li data-start=\"4526\" data-end=\"4538\" data-section-id=\"mpszhp\">the frame<\/li><li data-start=\"4539\" data-end=\"4559\" data-section-id=\"gxf02o\">to supervision<\/li><li data-start=\"4560\" data-end=\"4586\" data-section-id=\"1uah1j0\">to ethical reflection<\/li><li data-start=\"4560\" data-end=\"4586\" data-section-id=\"1uah1j0\">to the quality of the support.<\/li><\/ul>\t\t\t\t\t\t\t\t<\/div>\n\t\t\t\t<div class=\"elementor-element elementor-element-5ddc3f6 elementor-align-center elementor-widget elementor-widget-button\" data-id=\"5ddc3f6\" data-element_type=\"widget\" data-e-type=\"widget\" data-widget_type=\"button.default\">\n\t\t\t\t\t\t\t\t\t\t<a class=\"elementor-button elementor-button-link elementor-size-sm\" href=\"https:\/\/up-psychotherapie.fr\/\" target=\"_blank\">\n\t\t\t\t\t\t<span class=\"elementor-button-content-wrapper\">\n\t\t\t\t\t\t\t\t\t<span class=\"elementor-button-text\">Learn more about UPP<\/span>\n\t\t\t\t\t<\/span>\n\t\t\t\t\t<\/a>\n\t\t\t\t\t\t\t\t<\/div>\n\t\t\t\t<\/div>\n\t\t\t\t\t<\/div>\n\t\t\t\t<\/div>\n\t\t<div class=\"elementor-element elementor-element-4ae3c48 e-flex e-con-boxed e-con e-parent\" data-id=\"4ae3c48\" data-element_type=\"container\" data-e-type=\"container\" data-settings=\"{&quot;background_background&quot;:&quot;classic&quot;}\">\n\t\t\t\t\t<div class=\"e-con-inner\">\n\t\t\t\t<div class=\"elementor-element elementor-element-1d00d88 elementor-widget elementor-widget-text-editor\" data-id=\"1d00d88\" data-element_type=\"widget\" data-e-type=\"widget\" data-widget_type=\"text-editor.default\">\n\t\t\t\t\t\t\t\t\t<h4><strong>Ready to begin this journey of self-discovery?<\/strong><\/h4><p data-start=\"3965\" data-end=\"4018\" class=\"translation-block\">I offer a <strong>free 30-minute call<\/strong> to get to know each other, understand your needs, and see if the framework I offer can support you where you are.<\/p>\t\t\t\t\t\t\t\t<\/div>\n\t\t\t\t<div class=\"elementor-element elementor-element-966a6cd elementor-align-center animated-fast e-transform elementor-invisible elementor-widget elementor-widget-button\" data-id=\"966a6cd\" data-element_type=\"widget\" data-e-type=\"widget\" data-settings=\"{&quot;_animation&quot;:&quot;bounceIn&quot;,&quot;_transform_scale_effect&quot;:{&quot;unit&quot;:&quot;px&quot;,&quot;size&quot;:1.2,&quot;sizes&quot;:[]},&quot;_transform_scale_effect_tablet&quot;:{&quot;unit&quot;:&quot;px&quot;,&quot;size&quot;:&quot;&quot;,&quot;sizes&quot;:[]},&quot;_transform_scale_effect_mobile&quot;:{&quot;unit&quot;:&quot;px&quot;,&quot;size&quot;:&quot;&quot;,&quot;sizes&quot;:[]}}\" data-widget_type=\"button.default\">\n\t\t\t\t\t\t\t\t\t\t<a class=\"elementor-button elementor-button-link elementor-size-sm\" href=\"https:\/\/travelthruyou.com\/en\/prendre-rdv\/\">\n\t\t\t\t\t\t<span class=\"elementor-button-content-wrapper\">\n\t\t\t\t\t\t\t\t\t<span class=\"elementor-button-text\">Book a call (30mn)<\/span>\n\t\t\t\t\t<\/span>\n\t\t\t\t\t<\/a>\n\t\t\t\t\t\t\t\t<\/div>\n\t\t\t\t\t<\/div>\n\t\t\t\t<\/div>\n\t\t<div class=\"elementor-element elementor-element-971f64c e-flex e-con-boxed e-con e-parent\" data-id=\"971f64c\" data-element_type=\"container\" data-e-type=\"container\" data-settings=\"{&quot;background_background&quot;:&quot;classic&quot;}\">\n\t\t\t\t\t<div class=\"e-con-inner\">\n\t\t\t\t<div class=\"elementor-element elementor-element-9d3a569 elementor-widget elementor-widget-image\" data-id=\"9d3a569\" data-element_type=\"widget\" data-e-type=\"widget\" data-widget_type=\"image.default\">\n\t\t\t\t\t\t\t\t\t\t\t\t\t\t\t<img decoding=\"async\" width=\"500\" height=\"500\" src=\"https:\/\/travelthruyou.com\/wp-content\/uploads\/2025\/12\/1.png\" class=\"attachment-full size-full wp-image-529\" alt=\"\" srcset=\"https:\/\/travelthruyou.com\/wp-content\/uploads\/2025\/12\/1.png 500w, https:\/\/travelthruyou.com\/wp-content\/uploads\/2025\/12\/1-300x300.png 300w, https:\/\/travelthruyou.com\/wp-content\/uploads\/2025\/12\/1-150x150.png 150w, https:\/\/travelthruyou.com\/wp-content\/uploads\/2025\/12\/1-12x12.png 12w\" sizes=\"(max-width: 500px) 100vw, 500px\" \/>\t\t\t\t\t\t\t\t\t\t\t\t\t\t\t<\/div>\n\t\t\t\t\t<\/div>\n\t\t\t\t<\/div>\n\t\t\t\t<\/div>","protected":false},"excerpt":{"rendered":"<p>Roxane Cavaill\u00e8s, Psychopraticienne en th\u00e9rapie int\u00e9grative Avant d\u2019accompagner les autres, j\u2019ai d\u00fb revenir \u00e0 moi. Je viens de loin. D\u2019histoires [&hellip;]<\/p>\n","protected":false},"author":1,"featured_media":0,"parent":0,"menu_order":0,"comment_status":"closed","ping_status":"closed","template":"","meta":{"site-sidebar-layout":"default","site-content-layout":"","ast-site-content-layout":"default","site-content-style":"default","site-sidebar-style":"default","ast-global-header-display":"","ast-banner-title-visibility":"","ast-main-header-display":"","ast-hfb-above-header-display":"","ast-hfb-below-header-display":"","ast-hfb-mobile-header-display":"","site-post-title":"","ast-breadcrumbs-content":"","ast-featured-img":"","footer-sml-layout":"","ast-disable-related-posts":"","theme-transparent-header-meta":"","adv-header-id-meta":"","stick-header-meta":"","header-above-stick-meta":"","header-main-stick-meta":"","header-below-stick-meta":"","astra-migrate-meta-layouts":"default","ast-page-background-enabled":"default","ast-page-background-meta":{"desktop":{"background-color":"var(--ast-global-color-5)","background-image":"","background-repeat":"repeat","background-position":"center center","background-size":"auto","background-attachment":"scroll","background-type":"","background-media":"","overlay-type":"","overlay-color":"","overlay-opacity":"","overlay-gradient":""},"tablet":{"background-color":"","background-image":"","background-repeat":"repeat","background-position":"center center","background-size":"auto","background-attachment":"scroll","background-type":"","background-media":"","overlay-type":"","overlay-color":"","overlay-opacity":"","overlay-gradient":""},"mobile":{"background-color":"","background-image":"","background-repeat":"repeat","background-position":"center center","background-size":"auto","background-attachment":"scroll","background-type":"","background-media":"","overlay-type":"","overlay-color":"","overlay-opacity":"","overlay-gradient":""}},"ast-content-background-meta":{"desktop":{"background-color":"var(--ast-global-color-4)","background-image":"","background-repeat":"repeat","background-position":"center center","background-size":"auto","background-attachment":"scroll","background-type":"","background-media":"","overlay-type":"","overlay-color":"","overlay-opacity":"","overlay-gradient":""},"tablet":{"background-color":"var(--ast-global-color-4)","background-image":"","background-repeat":"repeat","background-position":"center center","background-size":"auto","background-attachment":"scroll","background-type":"","background-media":"","overlay-type":"","overlay-color":"","overlay-opacity":"","overlay-gradient":""},"mobile":{"background-color":"var(--ast-global-color-4)","background-image":"","background-repeat":"repeat","background-position":"center center","background-size":"auto","background-attachment":"scroll","background-type":"","background-media":"","overlay-type":"","overlay-color":"","overlay-opacity":"","overlay-gradient":""}},"footnotes":""},"class_list":["post-1320","page","type-page","status-publish","hentry"],"aioseo_notices":[],"_links":{"self":[{"href":"https:\/\/travelthruyou.com\/en\/wp-json\/wp\/v2\/pages\/1320","targetHints":{"allow":["GET"]}}],"collection":[{"href":"https:\/\/travelthruyou.com\/en\/wp-json\/wp\/v2\/pages"}],"about":[{"href":"https:\/\/travelthruyou.com\/en\/wp-json\/wp\/v2\/types\/page"}],"author":[{"embeddable":true,"href":"https:\/\/travelthruyou.com\/en\/wp-json\/wp\/v2\/users\/1"}],"replies":[{"embeddable":true,"href":"https:\/\/travelthruyou.com\/en\/wp-json\/wp\/v2\/comments?post=1320"}],"version-history":[{"count":14,"href":"https:\/\/travelthruyou.com\/en\/wp-json\/wp\/v2\/pages\/1320\/revisions"}],"predecessor-version":[{"id":1338,"href":"https:\/\/travelthruyou.com\/en\/wp-json\/wp\/v2\/pages\/1320\/revisions\/1338"}],"wp:attachment":[{"href":"https:\/\/travelthruyou.com\/en\/wp-json\/wp\/v2\/media?parent=1320"}],"curies":[{"name":"wp","href":"https:\/\/api.w.org\/{rel}","templated":true}]}}